{"id":584,"date":"2017-03-21T13:38:05","date_gmt":"2017-03-21T12:38:05","guid":{"rendered":"https:\/\/demo-storage.com\/pm\/wp\/vincent\/?post_type=product&#038;p=584"},"modified":"2025-05-18T13:00:09","modified_gmt":"2025-05-18T11:00:09","slug":"madonna","status":"publish","type":"product","link":"https:\/\/www.grano-orzo.com\/index.php\/produit\/madonna\/","title":{"rendered":"Madonna"},"content":{"rendered":"","protected":false},"excerpt":{"rendered":"<p>Sauce tomate, mozzarella fior di latte, oignons rouges, fontina, soppressata r\u00f4tie d\u00e9glac\u00e9e au Prosecco, olives, origans<\/p>\n","protected":false},"featured_media":2717,"template":"","meta":[],"product_brand":[],"product_cat":[50],"product_tag":[49],"class_list":{"0":"post-584","1":"product","2":"type-product","3":"status-publish","4":"has-post-thumbnail","6":"product_cat-pizzas","7":"product_tag-pizza","9":"first","10":"instock","11":"shipping-taxable","12":"product-type-simple"},"aioseo_notices":[],"_links":{"self":[{"href":"https:\/\/www.grano-orzo.com\/index.php\/wp-json\/wp\/v2\/product\/584","targetHints":{"allow":["GET"]}}],"collection":[{"href":"https:\/\/www.grano-orzo.com\/index.php\/wp-json\/wp\/v2\/product"}],"about":[{"href":"https:\/\/www.grano-orzo.com\/index.php\/wp-json\/wp\/v2\/types\/product"}],"wp:featuredmedia":[{"embeddable":true,"href":"https:\/\/www.grano-orzo.com\/index.php\/wp-json\/wp\/v2\/media\/2717"}],"wp:attachment":[{"href":"https:\/\/www.grano-orzo.com\/index.php\/wp-json\/wp\/v2\/media?parent=584"}],"wp:term":[{"taxonomy":"product_brand","embeddable":true,"href":"https:\/\/www.grano-orzo.com\/index.php\/wp-json\/wp\/v2\/product_brand?post=584"},{"taxonomy":"product_cat","embeddable":true,"href":"https:\/\/www.grano-orzo.com\/index.php\/wp-json\/wp\/v2\/product_cat?post=584"},{"taxonomy":"product_tag","embeddable":true,"href":"https:\/\/www.grano-orzo.com\/index.php\/wp-json\/wp\/v2\/product_tag?post=584"}],"curies":[{"name":"wp","href":"https:\/\/api.w.org\/{rel}","templated":true}]}}