{"id":2529,"date":"2023-03-31T13:57:21","date_gmt":"2023-03-31T11:57:21","guid":{"rendered":"https:\/\/www.grano-orzo.com\/?post_type=product&#038;p=2529"},"modified":"2025-05-18T12:50:08","modified_gmt":"2025-05-18T10:50:08","slug":"madesimo","status":"publish","type":"product","link":"https:\/\/www.grano-orzo.com\/index.php\/produit\/madesimo\/","title":{"rendered":"Madesimo"},"content":{"rendered":"","protected":false},"excerpt":{"rendered":"<p>Sauce tomate, mozzarella fior di latte, bresaola, roquette, copeaux de provolone, tomates cerises s\u00e9ch\u00e9es confites, cr\u00e8me de balsamique, huile de truffe<\/p>\n","protected":false},"featured_media":2709,"template":"","meta":[],"product_brand":[],"product_cat":[50],"product_tag":[49],"class_list":{"0":"post-2529","1":"product","2":"type-product","3":"status-publish","4":"has-post-thumbnail","6":"product_cat-pizzas","7":"product_tag-pizza","9":"first","10":"instock","11":"shipping-taxable","12":"product-type-simple"},"aioseo_notices":[],"_links":{"self":[{"href":"https:\/\/www.grano-orzo.com\/index.php\/wp-json\/wp\/v2\/product\/2529","targetHints":{"allow":["GET"]}}],"collection":[{"href":"https:\/\/www.grano-orzo.com\/index.php\/wp-json\/wp\/v2\/product"}],"about":[{"href":"https:\/\/www.grano-orzo.com\/index.php\/wp-json\/wp\/v2\/types\/product"}],"wp:featuredmedia":[{"embeddable":true,"href":"https:\/\/www.grano-orzo.com\/index.php\/wp-json\/wp\/v2\/media\/2709"}],"wp:attachment":[{"href":"https:\/\/www.grano-orzo.com\/index.php\/wp-json\/wp\/v2\/media?parent=2529"}],"wp:term":[{"taxonomy":"product_brand","embeddable":true,"href":"https:\/\/www.grano-orzo.com\/index.php\/wp-json\/wp\/v2\/product_brand?post=2529"},{"taxonomy":"product_cat","embeddable":true,"href":"https:\/\/www.grano-orzo.com\/index.php\/wp-json\/wp\/v2\/product_cat?post=2529"},{"taxonomy":"product_tag","embeddable":true,"href":"https:\/\/www.grano-orzo.com\/index.php\/wp-json\/wp\/v2\/product_tag?post=2529"}],"curies":[{"name":"wp","href":"https:\/\/api.w.org\/{rel}","templated":true}]}}