{"id":2387,"date":"2022-07-02T18:44:50","date_gmt":"2022-07-02T16:44:50","guid":{"rendered":"https:\/\/www.grano-orzo.com\/?page_id=2387"},"modified":"2023-08-12T18:41:30","modified_gmt":"2023-08-12T16:41:30","slug":"thones","status":"publish","type":"page","link":"https:\/\/www.grano-orzo.com\/index.php\/thones\/","title":{"rendered":"Th\u00f4nes"},"content":{"rendered":"<section class=\"wpb-content-wrapper\"><p>[vc_row css=\u00a0\u00bb.vc_custom_1691827459768{background-color: #232c30 !important;}\u00a0\u00bb][vc_column width=\u00a0\u00bb1\/2&Prime;][vc_column_text]<\/p>\n<h3>TH\u00d4NES<\/h3>\n<p>[\/vc_column_text][vc_column_text]Parking Carrefour Market (\u00e0 c\u00f4t\u00e9 de la laverie)<br \/>\n34 Rue de la Saulne<br \/>\n74230 TH\u00d4NES[\/vc_column_text][vc_column_text]<em>Distributeur automatique &#8211; 24H\/24 7J\/7<br \/>\nPizzas servies froides ou chaudes.<br \/>\n<\/em><\/p>\n<p>Un distributeur automatique de pizza avec un vrai four \u00e0 sole ! Des pizzas fra\u00eeches et artisanales pr\u00e9par\u00e9es chaque jour dans nos pizz\u00e9rias.<\/p>\n<p>Vous retrouverez un choix vari\u00e9 de pizzas parmi notre carte, \u00e0 d\u00e9couvrir sans attendre.[\/vc_column_text][vc_single_image image=\u00a0\u00bb2388&Prime; img_size=\u00a0\u00bbmedium\u00a0\u00bb alignment=\u00a0\u00bbcenter\u00a0\u00bb style=\u00a0\u00bbvc_box_rounded\u00a0\u00bb][\/vc_column][vc_column width=\u00a0\u00bb1\/2&Prime;][vc_gmaps link=\u00a0\u00bb#E-8_JTNDaWZyYW1lJTIwc3JjJTNEJTIyaHR0cHMlM0ElMkYlMkZ3d3cuZ29vZ2xlLmNvbSUyRm1hcHMlMkZlbWJlZCUzRnBiJTNEJTIxMW0xNCUyMTFtOCUyMTFtMyUyMTFkMTExMDkuMTI2MTM4MzI2MTU0JTIxMmQ2LjMyOTA3NDglMjEzZDQ1Ljg4NTY4MjElMjEzbTIlMjExaTEwMjQlMjEyaTc2OCUyMTRmMTMuMSUyMTNtMyUyMTFtMiUyMTFzMHgwJTI1M0EweDlhNjAxYjQ5MjEwYmEzY2ElMjEyc0dyYW5vJTI1MjBlJTI1MjBPcnpvJTI1MjAtJTI1MjBUaCUyNUMzJTI1QjRuZXMlMjE1ZTAlMjEzbTIlMjExc2ZyJTIxMnNmciUyMTR2MTY1Njc4MTAxODM5OCUyMTVtMiUyMTFzZnIlMjEyc2ZyJTIyJTIwd2lkdGglM0QlMjI2MDAlMjIlMjBoZWlnaHQlM0QlMjI0NTAlMjIlMjBzdHlsZSUzRCUyMmJvcmRlciUzQTAlM0IlMjIlMjBhbGxvd2Z1bGxzY3JlZW4lM0QlMjIlMjIlMjBsb2FkaW5nJTNEJTIybGF6eSUyMiUyMHJlZmVycmVycG9saWN5JTNEJTIybm8tcmVmZXJyZXItd2hlbi1kb3duZ3JhZGUlMjIlM0UlM0MlMkZpZnJhbWUlM0U=\u00a0\u00bb size=\u00a0\u00bb\u00a0\u00bb][\/vc_column][\/vc_row]<\/p>\n<\/section>","protected":false},"excerpt":{"rendered":"<p>[vc_row css=\u00a0\u00bb.vc_custom_1691827459768{background-color: #232c30 !important;}\u00a0\u00bb][vc_column width=\u00a0\u00bb1\/2&Prime;][vc_column_text] TH\u00d4NES [\/vc_column_text][vc_column_text]Parking Carrefour Market (\u00e0 c\u00f4t\u00e9 de la laverie) 34 Rue de la Saulne 74230 TH\u00d4NES[\/vc_column_text][vc_column_text]Distributeur automatique &#8211; 24H\/24 7J\/7 Pizzas servies froides ou chaudes. Un distributeur automatique de pizza avec un vrai four \u00e0 sole ! Des pizzas fra\u00eeches et artisanales pr\u00e9par\u00e9es chaque jour dans nos pizz\u00e9rias. Vous retrouverez [&hellip;]<\/p>\n","protected":false},"author":1,"featured_media":0,"parent":0,"menu_order":0,"comment_status":"closed","ping_status":"closed","template":"","meta":{"footnotes":""},"class_list":["post-2387","page","type-page","status-publish","hentry"],"aioseo_notices":[],"_links":{"self":[{"href":"https:\/\/www.grano-orzo.com\/index.php\/wp-json\/wp\/v2\/pages\/2387","targetHints":{"allow":["GET"]}}],"collection":[{"href":"https:\/\/www.grano-orzo.com\/index.php\/wp-json\/wp\/v2\/pages"}],"about":[{"href":"https:\/\/www.grano-orzo.com\/index.php\/wp-json\/wp\/v2\/types\/page"}],"author":[{"embeddable":true,"href":"https:\/\/www.grano-orzo.com\/index.php\/wp-json\/wp\/v2\/users\/1"}],"replies":[{"embeddable":true,"href":"https:\/\/www.grano-orzo.com\/index.php\/wp-json\/wp\/v2\/comments?post=2387"}],"version-history":[{"count":7,"href":"https:\/\/www.grano-orzo.com\/index.php\/wp-json\/wp\/v2\/pages\/2387\/revisions"}],"predecessor-version":[{"id":2617,"href":"https:\/\/www.grano-orzo.com\/index.php\/wp-json\/wp\/v2\/pages\/2387\/revisions\/2617"}],"wp:attachment":[{"href":"https:\/\/www.grano-orzo.com\/index.php\/wp-json\/wp\/v2\/media?parent=2387"}],"curies":[{"name":"wp","href":"https:\/\/api.w.org\/{rel}","templated":true}]}}